{"id":90,"date":"2022-02-25T19:18:01","date_gmt":"2022-02-25T19:18:01","guid":{"rendered":"https:\/\/viajados.net\/?page_id=90"},"modified":"2022-03-04T21:33:34","modified_gmt":"2022-03-04T21:33:34","slug":"programas","status":"publish","type":"page","link":"https:\/\/viajados.net\/index.php\/programas\/","title":{"rendered":"Programas"},"content":{"rendered":"\t\t<div data-elementor-type=\"wp-page\" data-elementor-id=\"90\" class=\"elementor elementor-90\" data-elementor-post-type=\"page\">\n\t\t\t\t\t\t<section class=\"elementor-section elementor-top-section elementor-element elementor-element-f061cbd elementor-section-boxed elementor-section-height-default elementor-section-height-default\" data-id=\"f061cbd\" data-element_type=\"section\">\n\t\t\t\t\t\t<div class=\"elementor-container elementor-column-gap-default\">\n\t\t\t\t\t<div class=\"elementor-column elementor-col-100 elementor-top-column elementor-element elementor-element-16db923\" data-id=\"16db923\" data-element_type=\"column\">\n\t\t\t<div class=\"elementor-widget-wrap elementor-element-populated\">\n\t\t\t\t\t\t<div class=\"elementor-element elementor-element-47e1f5a elementor-widget elementor-widget-image\" data-id=\"47e1f5a\" data-element_type=\"widget\" data-widget_type=\"image.default\">\n\t\t\t\t<div class=\"elementor-widget-container\">\n\t\t\t<style>\/*! elementor - v3.23.0 - 25-07-2024 *\/\n.elementor-widget-image{text-align:center}.elementor-widget-image a{display:inline-block}.elementor-widget-image a img[src$=\".svg\"]{width:48px}.elementor-widget-image img{vertical-align:middle;display:inline-block}<\/style>\t\t\t\t\t\t\t\t\t\t<img fetchpriority=\"high\" decoding=\"async\" width=\"2048\" height=\"500\" src=\"https:\/\/viajados.net\/wp-content\/uploads\/2022\/03\/Mesa-de-trabajo-1_10-2048x500.jpg\" class=\"attachment-2048x2048 size-2048x2048 wp-image-513\" alt=\"\" srcset=\"https:\/\/viajados.net\/wp-content\/uploads\/2022\/03\/Mesa-de-trabajo-1_10-2048x500.jpg 2048w, https:\/\/viajados.net\/wp-content\/uploads\/2022\/03\/Mesa-de-trabajo-1_10-300x73.jpg 300w, https:\/\/viajados.net\/wp-content\/uploads\/2022\/03\/Mesa-de-trabajo-1_10-1024x250.jpg 1024w, https:\/\/viajados.net\/wp-content\/uploads\/2022\/03\/Mesa-de-trabajo-1_10-768x188.jpg 768w, https:\/\/viajados.net\/wp-content\/uploads\/2022\/03\/Mesa-de-trabajo-1_10-1536x375.jpg 1536w\" sizes=\"(max-width: 2048px) 100vw, 2048px\" \/>\t\t\t\t\t\t\t\t\t\t\t\t\t<\/div>\n\t\t\t\t<\/div>\n\t\t\t\t\t<\/div>\n\t\t<\/div>\n\t\t\t\t\t<\/div>\n\t\t<\/section>\n\t\t\t\t<section class=\"elementor-section elementor-top-section elementor-element elementor-element-af4a068 elementor-section-boxed elementor-section-height-default elementor-section-height-default\" data-id=\"af4a068\" data-element_type=\"section\">\n\t\t\t\t\t\t<div class=\"elementor-container elementor-column-gap-default\">\n\t\t\t\t\t<div class=\"elementor-column elementor-col-100 elementor-top-column elementor-element elementor-element-059df28\" data-id=\"059df28\" data-element_type=\"column\">\n\t\t\t<div class=\"elementor-widget-wrap elementor-element-populated\">\n\t\t\t\t\t\t<div class=\"elementor-element elementor-element-42aa09b elementor-widget elementor-widget-spacer\" data-id=\"42aa09b\" data-element_type=\"widget\" data-widget_type=\"spacer.default\">\n\t\t\t\t<div class=\"elementor-widget-container\">\n\t\t\t<style>\/*! elementor - v3.23.0 - 25-07-2024 *\/\n.elementor-column .elementor-spacer-inner{height:var(--spacer-size)}.e-con{--container-widget-width:100%}.e-con-inner>.elementor-widget-spacer,.e-con>.elementor-widget-spacer{width:var(--container-widget-width,var(--spacer-size));--align-self:var(--container-widget-align-self,initial);--flex-shrink:0}.e-con-inner>.elementor-widget-spacer>.elementor-widget-container,.e-con>.elementor-widget-spacer>.elementor-widget-container{height:100%;width:100%}.e-con-inner>.elementor-widget-spacer>.elementor-widget-container>.elementor-spacer,.e-con>.elementor-widget-spacer>.elementor-widget-container>.elementor-spacer{height:100%}.e-con-inner>.elementor-widget-spacer>.elementor-widget-container>.elementor-spacer>.elementor-spacer-inner,.e-con>.elementor-widget-spacer>.elementor-widget-container>.elementor-spacer>.elementor-spacer-inner{height:var(--container-widget-height,var(--spacer-size))}.e-con-inner>.elementor-widget-spacer.elementor-widget-empty,.e-con>.elementor-widget-spacer.elementor-widget-empty{position:relative;min-height:22px;min-width:22px}.e-con-inner>.elementor-widget-spacer.elementor-widget-empty .elementor-widget-empty-icon,.e-con>.elementor-widget-spacer.elementor-widget-empty .elementor-widget-empty-icon{position:absolute;top:0;bottom:0;left:0;right:0;margin:auto;padding:0;width:22px;height:22px}<\/style>\t\t<div class=\"elementor-spacer\">\n\t\t\t<div class=\"elementor-spacer-inner\"><\/div>\n\t\t<\/div>\n\t\t\t\t<\/div>\n\t\t\t\t<\/div>\n\t\t\t\t<div class=\"elementor-element elementor-element-29a94cd elementor-widget elementor-widget-text-editor\" data-id=\"29a94cd\" data-element_type=\"widget\" data-widget_type=\"text-editor.default\">\n\t\t\t\t<div class=\"elementor-widget-container\">\n\t\t\t<style>\/*! elementor - v3.23.0 - 25-07-2024 *\/\n.elementor-widget-text-editor.elementor-drop-cap-view-stacked .elementor-drop-cap{background-color:#69727d;color:#fff}.elementor-widget-text-editor.elementor-drop-cap-view-framed .elementor-drop-cap{color:#69727d;border:3px solid;background-color:transparent}.elementor-widget-text-editor:not(.elementor-drop-cap-view-default) .elementor-drop-cap{margin-top:8px}.elementor-widget-text-editor:not(.elementor-drop-cap-view-default) .elementor-drop-cap-letter{width:1em;height:1em}.elementor-widget-text-editor .elementor-drop-cap{float:left;text-align:center;line-height:1;font-size:50px}.elementor-widget-text-editor .elementor-drop-cap-letter{display:inline-block}<\/style>\t\t\t\t<p align=\"justify\">Con nuestros propios recursos, colaboraciones de familias y amigos se han mantenido diversos programas, como lo es la tradici\u00f3n navide\u00f1a, desde la ciudad de Miami y cada a\u00f1o el n\u00famero de ni\u00f1os que se benefician incrementa, a su vez han aparecidos nuevos retos producto a la escases de medicinas y recursos en las cl\u00ednicas y hospitales. A medida que la situaci\u00f3n en Venezuela empeoraba insosteniblemente por ende la necesidad de alimentos, vestimenta, equipos para minusv\u00e1lidos, medicinas e intervenciones quir\u00fargicas se incrementaba de manera nunca vista.<\/p>\t\t\t\t\t\t<\/div>\n\t\t\t\t<\/div>\n\t\t\t\t<div class=\"elementor-element elementor-element-4a2fb13 elementor-widget elementor-widget-spacer\" data-id=\"4a2fb13\" data-element_type=\"widget\" data-widget_type=\"spacer.default\">\n\t\t\t\t<div class=\"elementor-widget-container\">\n\t\t\t\t\t<div class=\"elementor-spacer\">\n\t\t\t<div class=\"elementor-spacer-inner\"><\/div>\n\t\t<\/div>\n\t\t\t\t<\/div>\n\t\t\t\t<\/div>\n\t\t\t\t\t<\/div>\n\t\t<\/div>\n\t\t\t\t\t<\/div>\n\t\t<\/section>\n\t\t\t\t<section class=\"elementor-section elementor-top-section elementor-element elementor-element-b34a377 elementor-section-boxed elementor-section-height-default elementor-section-height-default\" data-id=\"b34a377\" data-element_type=\"section\">\n\t\t\t\t\t\t<div class=\"elementor-container elementor-column-gap-default\">\n\t\t\t\t\t<div class=\"elementor-column elementor-col-33 elementor-top-column elementor-element elementor-element-ac7c754\" data-id=\"ac7c754\" data-element_type=\"column\">\n\t\t\t<div class=\"elementor-widget-wrap elementor-element-populated\">\n\t\t\t\t\t\t<div class=\"elementor-element elementor-element-96a1d66 elementor-widget elementor-widget-image\" data-id=\"96a1d66\" data-element_type=\"widget\" data-widget_type=\"image.default\">\n\t\t\t\t<div class=\"elementor-widget-container\">\n\t\t\t\t\t\t\t\t\t\t\t\t\t<img decoding=\"async\" width=\"1024\" height=\"1024\" src=\"https:\/\/viajados.net\/wp-content\/uploads\/2022\/03\/40281492_278860466059595_3587558653790802255_n-1024x1024.jpg\" class=\"attachment-large size-large wp-image-409\" alt=\"\" srcset=\"https:\/\/viajados.net\/wp-content\/uploads\/2022\/03\/40281492_278860466059595_3587558653790802255_n-1024x1024.jpg 1024w, https:\/\/viajados.net\/wp-content\/uploads\/2022\/03\/40281492_278860466059595_3587558653790802255_n-300x300.jpg 300w, https:\/\/viajados.net\/wp-content\/uploads\/2022\/03\/40281492_278860466059595_3587558653790802255_n-150x150.jpg 150w, https:\/\/viajados.net\/wp-content\/uploads\/2022\/03\/40281492_278860466059595_3587558653790802255_n-768x768.jpg 768w, https:\/\/viajados.net\/wp-content\/uploads\/2022\/03\/40281492_278860466059595_3587558653790802255_n.jpg 1080w\" sizes=\"(max-width: 1024px) 100vw, 1024px\" \/>\t\t\t\t\t\t\t\t\t\t\t\t\t<\/div>\n\t\t\t\t<\/div>\n\t\t\t\t<div class=\"elementor-element elementor-element-e6baadb elementor-widget elementor-widget-heading\" data-id=\"e6baadb\" data-element_type=\"widget\" data-widget_type=\"heading.default\">\n\t\t\t\t<div class=\"elementor-widget-container\">\n\t\t\t<style>\/*! elementor - v3.23.0 - 25-07-2024 *\/\n.elementor-heading-title{padding:0;margin:0;line-height:1}.elementor-widget-heading .elementor-heading-title[class*=elementor-size-]>a{color:inherit;font-size:inherit;line-height:inherit}.elementor-widget-heading .elementor-heading-title.elementor-size-small{font-size:15px}.elementor-widget-heading .elementor-heading-title.elementor-size-medium{font-size:19px}.elementor-widget-heading .elementor-heading-title.elementor-size-large{font-size:29px}.elementor-widget-heading .elementor-heading-title.elementor-size-xl{font-size:39px}.elementor-widget-heading .elementor-heading-title.elementor-size-xxl{font-size:59px}<\/style><h2 class=\"elementor-heading-title elementor-size-default\">Fiesta Navide\u00f1a<\/h2>\t\t<\/div>\n\t\t\t\t<\/div>\n\t\t\t\t<div class=\"elementor-element elementor-element-29189cb elementor-widget elementor-widget-text-editor\" data-id=\"29189cb\" data-element_type=\"widget\" data-widget_type=\"text-editor.default\">\n\t\t\t\t<div class=\"elementor-widget-container\">\n\t\t\t\t\t\t\t<p align=\"justify\">El proyecto La Fiesta Navide\u00f1a se env\u00edan alimentos, juguetes y vestimenta para aproximadamente 1000 ni\u00f1os de Maracaibo y Ciudad Ojeda<\/p>\t\t\t\t\t\t<\/div>\n\t\t\t\t<\/div>\n\t\t\t\t\t<\/div>\n\t\t<\/div>\n\t\t\t\t<div class=\"elementor-column elementor-col-33 elementor-top-column elementor-element elementor-element-ab677f3\" data-id=\"ab677f3\" data-element_type=\"column\">\n\t\t\t<div class=\"elementor-widget-wrap elementor-element-populated\">\n\t\t\t\t\t\t<div class=\"elementor-element elementor-element-0631e16 elementor-widget elementor-widget-image\" data-id=\"0631e16\" data-element_type=\"widget\" data-widget_type=\"image.default\">\n\t\t\t\t<div class=\"elementor-widget-container\">\n\t\t\t\t\t\t\t\t\t\t\t\t\t<img decoding=\"async\" width=\"1024\" height=\"1024\" src=\"https:\/\/viajados.net\/wp-content\/uploads\/2022\/03\/39998236_271651323654751_7666692373421752320_n-1024x1024.jpg\" class=\"attachment-large size-large wp-image-408\" alt=\"\" srcset=\"https:\/\/viajados.net\/wp-content\/uploads\/2022\/03\/39998236_271651323654751_7666692373421752320_n-1024x1024.jpg 1024w, https:\/\/viajados.net\/wp-content\/uploads\/2022\/03\/39998236_271651323654751_7666692373421752320_n-300x300.jpg 300w, https:\/\/viajados.net\/wp-content\/uploads\/2022\/03\/39998236_271651323654751_7666692373421752320_n-150x150.jpg 150w, https:\/\/viajados.net\/wp-content\/uploads\/2022\/03\/39998236_271651323654751_7666692373421752320_n-768x768.jpg 768w, https:\/\/viajados.net\/wp-content\/uploads\/2022\/03\/39998236_271651323654751_7666692373421752320_n.jpg 1080w\" sizes=\"(max-width: 1024px) 100vw, 1024px\" \/>\t\t\t\t\t\t\t\t\t\t\t\t\t<\/div>\n\t\t\t\t<\/div>\n\t\t\t\t<div class=\"elementor-element elementor-element-32f8753 elementor-widget elementor-widget-heading\" data-id=\"32f8753\" data-element_type=\"widget\" data-widget_type=\"heading.default\">\n\t\t\t\t<div class=\"elementor-widget-container\">\n\t\t\t<h2 class=\"elementor-heading-title elementor-size-default\">Ninguna Persona con Hambre<\/h2>\t\t<\/div>\n\t\t\t\t<\/div>\n\t\t\t\t<div class=\"elementor-element elementor-element-191bc85 elementor-widget elementor-widget-text-editor\" data-id=\"191bc85\" data-element_type=\"widget\" data-widget_type=\"text-editor.default\">\n\t\t\t\t<div class=\"elementor-widget-container\">\n\t\t\t\t\t\t\t<p align=\"justify\">En casa las Manos de Luz, los ni\u00f1os, los adultos mayores y las personas con discapacidad pueden recibir una comida en muestra de apoyo.<\/p>\t\t\t\t\t\t<\/div>\n\t\t\t\t<\/div>\n\t\t\t\t\t<\/div>\n\t\t<\/div>\n\t\t\t\t<div class=\"elementor-column elementor-col-33 elementor-top-column elementor-element elementor-element-16848aa\" data-id=\"16848aa\" data-element_type=\"column\">\n\t\t\t<div class=\"elementor-widget-wrap elementor-element-populated\">\n\t\t\t\t\t\t<div class=\"elementor-element elementor-element-84f94f9 elementor-widget elementor-widget-image\" data-id=\"84f94f9\" data-element_type=\"widget\" data-widget_type=\"image.default\">\n\t\t\t\t<div class=\"elementor-widget-container\">\n\t\t\t\t\t\t\t\t\t\t\t\t\t<img loading=\"lazy\" decoding=\"async\" width=\"640\" height=\"640\" src=\"https:\/\/viajados.net\/wp-content\/uploads\/2022\/03\/37544365_718170888536921_4535380594359533568_n.jpg\" class=\"attachment-large size-large wp-image-407\" alt=\"\" srcset=\"https:\/\/viajados.net\/wp-content\/uploads\/2022\/03\/37544365_718170888536921_4535380594359533568_n.jpg 640w, https:\/\/viajados.net\/wp-content\/uploads\/2022\/03\/37544365_718170888536921_4535380594359533568_n-300x300.jpg 300w, https:\/\/viajados.net\/wp-content\/uploads\/2022\/03\/37544365_718170888536921_4535380594359533568_n-150x150.jpg 150w\" sizes=\"(max-width: 640px) 100vw, 640px\" \/>\t\t\t\t\t\t\t\t\t\t\t\t\t<\/div>\n\t\t\t\t<\/div>\n\t\t\t\t<div class=\"elementor-element elementor-element-f28d6cc elementor-widget elementor-widget-heading\" data-id=\"f28d6cc\" data-element_type=\"widget\" data-widget_type=\"heading.default\">\n\t\t\t\t<div class=\"elementor-widget-container\">\n\t\t\t<h2 class=\"elementor-heading-title elementor-size-default\">Mejor Salud, Mejor Vida<\/h2>\t\t<\/div>\n\t\t\t\t<\/div>\n\t\t\t\t<div class=\"elementor-element elementor-element-da0a6d5 elementor-widget elementor-widget-text-editor\" data-id=\"da0a6d5\" data-element_type=\"widget\" data-widget_type=\"text-editor.default\">\n\t\t\t\t<div class=\"elementor-widget-container\">\n\t\t\t\t\t\t\t<p align=\"justify\">El proyecto Mejor Salud, Mejor Vida los ni\u00f1os, los adultos mayores y las personas con discapacidad pueden recibir alimentos y medicamentos que los ayuden a solventar sus problemas.<\/p>\t\t\t\t\t\t<\/div>\n\t\t\t\t<\/div>\n\t\t\t\t\t<\/div>\n\t\t<\/div>\n\t\t\t\t\t<\/div>\n\t\t<\/section>\n\t\t\t\t<\/div>\n\t\t","protected":false},"excerpt":{"rendered":"<p>Con nuestros propios recursos, colaboraciones de familias y amigos se han mantenido diversos programas, como lo es la tradici\u00f3n navide\u00f1a, desde la ciudad de Miami y cada a\u00f1o el n\u00famero de ni\u00f1os que se benefician incrementa, a su vez han aparecidos nuevos retos producto a la escases de medicinas y recursos en las cl\u00ednicas y [&hellip;]<\/p>\n","protected":false},"author":1,"featured_media":0,"parent":0,"menu_order":0,"comment_status":"closed","ping_status":"closed","template":"","meta":{"site-sidebar-layout":"no-sidebar","site-content-layout":"page-builder","ast-site-content-layout":"","site-content-style":"default","site-sidebar-style":"default","ast-global-header-display":"","ast-banner-title-visibility":"","ast-main-header-display":"","ast-hfb-above-header-display":"","ast-hfb-below-header-display":"","ast-hfb-mobile-header-display":"","site-post-title":"disabled","ast-breadcrumbs-content":"","ast-featured-img":"disabled","footer-sml-layout":"","theme-transparent-header-meta":"","adv-header-id-meta":"","stick-header-meta":"","header-above-stick-meta":"","header-main-stick-meta":"","header-below-stick-meta":"","astra-migrate-meta-layouts":"default","ast-page-background-enabled":"default","ast-page-background-meta":{"desktop":{"background-color":"var(--ast-global-color-4)","background-image":"","background-repeat":"repeat","background-position":"center center","background-size":"auto","background-attachment":"scroll","background-type":"","background-media":"","overlay-type":"","overlay-color":"","overlay-opacity":"","overlay-gradient":""},"tablet":{"background-color":"","background-image":"","background-repeat":"repeat","background-position":"center center","background-size":"auto","background-attachment":"scroll","background-type":"","background-media":"","overlay-type":"","overlay-color":"","overlay-opacity":"","overlay-gradient":""},"mobile":{"background-color":"","background-image":"","background-repeat":"repeat","background-position":"center center","background-size":"auto","background-attachment":"scroll","background-type":"","background-media":"","overlay-type":"","overlay-color":"","overlay-opacity":"","overlay-gradient":""}},"ast-content-background-meta":{"desktop":{"background-color":"var(--ast-global-color-5)","background-image":"","background-repeat":"repeat","background-position":"center center","background-size":"auto","background-attachment":"scroll","background-type":"","background-media":"","overlay-type":"","overlay-color":"","overlay-opacity":"","overlay-gradient":""},"tablet":{"background-color":"var(--ast-global-color-5)","background-image":"","background-repeat":"repeat","background-position":"center center","background-size":"auto","background-attachment":"scroll","background-type":"","background-media":"","overlay-type":"","overlay-color":"","overlay-opacity":"","overlay-gradient":""},"mobile":{"background-color":"var(--ast-global-color-5)","background-image":"","background-repeat":"repeat","background-position":"center center","background-size":"auto","background-attachment":"scroll","background-type":"","background-media":"","overlay-type":"","overlay-color":"","overlay-opacity":"","overlay-gradient":""}},"footnotes":""},"class_list":["post-90","page","type-page","status-publish","hentry"],"yoast_head":"<!-- This site is optimized with the Yoast SEO plugin v23.1 - https:\/\/yoast.com\/wordpress\/plugins\/seo\/ -->\n<title>Programas - Viajados<\/title>\n<meta name=\"robots\" content=\"index, follow, max-snippet:-1, max-image-preview:large, max-video-preview:-1\" \/>\n<link rel=\"canonical\" href=\"https:\/\/viajados.net\/index.php\/programas\/\" \/>\n<meta property=\"og:locale\" content=\"es_ES\" \/>\n<meta property=\"og:type\" content=\"article\" \/>\n<meta property=\"og:title\" content=\"Programas - Viajados\" \/>\n<meta property=\"og:description\" content=\"Con nuestros propios recursos, colaboraciones de familias y amigos se han mantenido diversos programas, como lo es la tradici\u00f3n navide\u00f1a, desde la ciudad de Miami y cada a\u00f1o el n\u00famero de ni\u00f1os que se benefician incrementa, a su vez han aparecidos nuevos retos producto a la escases de medicinas y recursos en las cl\u00ednicas y [&hellip;]\" \/>\n<meta property=\"og:url\" content=\"https:\/\/viajados.net\/index.php\/programas\/\" \/>\n<meta property=\"og:site_name\" content=\"Viajados\" \/>\n<meta property=\"article:modified_time\" content=\"2022-03-04T21:33:34+00:00\" \/>\n<meta property=\"og:image\" content=\"https:\/\/viajados.net\/wp-content\/uploads\/2022\/03\/Mesa-de-trabajo-1_10-2048x500.jpg\" \/>\n<meta name=\"twitter:card\" content=\"summary_large_image\" \/>\n<meta name=\"twitter:label1\" content=\"Tiempo estimado de lectura\" \/>\n\t<meta name=\"twitter:data1\" content=\"2 minutos\" \/>\n<script type=\"application\/ld+json\" class=\"yoast-schema-graph\">{\"@context\":\"https:\/\/schema.org\",\"@graph\":[{\"@type\":\"WebPage\",\"@id\":\"https:\/\/viajados.net\/index.php\/programas\/\",\"url\":\"https:\/\/viajados.net\/index.php\/programas\/\",\"name\":\"Programas - Viajados\",\"isPartOf\":{\"@id\":\"https:\/\/viajados.net\/#website\"},\"primaryImageOfPage\":{\"@id\":\"https:\/\/viajados.net\/index.php\/programas\/#primaryimage\"},\"image\":{\"@id\":\"https:\/\/viajados.net\/index.php\/programas\/#primaryimage\"},\"thumbnailUrl\":\"https:\/\/viajados.net\/wp-content\/uploads\/2022\/03\/Mesa-de-trabajo-1_10-2048x500.jpg\",\"datePublished\":\"2022-02-25T19:18:01+00:00\",\"dateModified\":\"2022-03-04T21:33:34+00:00\",\"breadcrumb\":{\"@id\":\"https:\/\/viajados.net\/index.php\/programas\/#breadcrumb\"},\"inLanguage\":\"es\",\"potentialAction\":[{\"@type\":\"ReadAction\",\"target\":[\"https:\/\/viajados.net\/index.php\/programas\/\"]}]},{\"@type\":\"ImageObject\",\"inLanguage\":\"es\",\"@id\":\"https:\/\/viajados.net\/index.php\/programas\/#primaryimage\",\"url\":\"https:\/\/viajados.net\/wp-content\/uploads\/2022\/03\/Mesa-de-trabajo-1_10-2048x500.jpg\",\"contentUrl\":\"https:\/\/viajados.net\/wp-content\/uploads\/2022\/03\/Mesa-de-trabajo-1_10-2048x500.jpg\"},{\"@type\":\"BreadcrumbList\",\"@id\":\"https:\/\/viajados.net\/index.php\/programas\/#breadcrumb\",\"itemListElement\":[{\"@type\":\"ListItem\",\"position\":1,\"name\":\"Portada\",\"item\":\"https:\/\/viajados.net\/\"},{\"@type\":\"ListItem\",\"position\":2,\"name\":\"Programas\"}]},{\"@type\":\"WebSite\",\"@id\":\"https:\/\/viajados.net\/#website\",\"url\":\"https:\/\/viajados.net\/\",\"name\":\"Viajados\",\"description\":\"Agencia de Viajes\",\"publisher\":{\"@id\":\"https:\/\/viajados.net\/#organization\"},\"potentialAction\":[{\"@type\":\"SearchAction\",\"target\":{\"@type\":\"EntryPoint\",\"urlTemplate\":\"https:\/\/viajados.net\/?s={search_term_string}\"},\"query-input\":\"required name=search_term_string\"}],\"inLanguage\":\"es\"},{\"@type\":\"Organization\",\"@id\":\"https:\/\/viajados.net\/#organization\",\"name\":\"Viajados\",\"url\":\"https:\/\/viajados.net\/\",\"logo\":{\"@type\":\"ImageObject\",\"inLanguage\":\"es\",\"@id\":\"https:\/\/viajados.net\/#\/schema\/logo\/image\/\",\"url\":\"https:\/\/viajados.net\/wp-content\/uploads\/2023\/08\/cropped-logo-tam.png\",\"contentUrl\":\"https:\/\/viajados.net\/wp-content\/uploads\/2023\/08\/cropped-logo-tam.png\",\"width\":100,\"height\":100,\"caption\":\"Viajados\"},\"image\":{\"@id\":\"https:\/\/viajados.net\/#\/schema\/logo\/image\/\"}}]}<\/script>\n<!-- \/ Yoast SEO plugin. -->","yoast_head_json":{"title":"Programas - Viajados","robots":{"index":"index","follow":"follow","max-snippet":"max-snippet:-1","max-image-preview":"max-image-preview:large","max-video-preview":"max-video-preview:-1"},"canonical":"https:\/\/viajados.net\/index.php\/programas\/","og_locale":"es_ES","og_type":"article","og_title":"Programas - Viajados","og_description":"Con nuestros propios recursos, colaboraciones de familias y amigos se han mantenido diversos programas, como lo es la tradici\u00f3n navide\u00f1a, desde la ciudad de Miami y cada a\u00f1o el n\u00famero de ni\u00f1os que se benefician incrementa, a su vez han aparecidos nuevos retos producto a la escases de medicinas y recursos en las cl\u00ednicas y [&hellip;]","og_url":"https:\/\/viajados.net\/index.php\/programas\/","og_site_name":"Viajados","article_modified_time":"2022-03-04T21:33:34+00:00","og_image":[{"url":"https:\/\/viajados.net\/wp-content\/uploads\/2022\/03\/Mesa-de-trabajo-1_10-2048x500.jpg"}],"twitter_card":"summary_large_image","twitter_misc":{"Tiempo estimado de lectura":"2 minutos"},"schema":{"@context":"https:\/\/schema.org","@graph":[{"@type":"WebPage","@id":"https:\/\/viajados.net\/index.php\/programas\/","url":"https:\/\/viajados.net\/index.php\/programas\/","name":"Programas - Viajados","isPartOf":{"@id":"https:\/\/viajados.net\/#website"},"primaryImageOfPage":{"@id":"https:\/\/viajados.net\/index.php\/programas\/#primaryimage"},"image":{"@id":"https:\/\/viajados.net\/index.php\/programas\/#primaryimage"},"thumbnailUrl":"https:\/\/viajados.net\/wp-content\/uploads\/2022\/03\/Mesa-de-trabajo-1_10-2048x500.jpg","datePublished":"2022-02-25T19:18:01+00:00","dateModified":"2022-03-04T21:33:34+00:00","breadcrumb":{"@id":"https:\/\/viajados.net\/index.php\/programas\/#breadcrumb"},"inLanguage":"es","potentialAction":[{"@type":"ReadAction","target":["https:\/\/viajados.net\/index.php\/programas\/"]}]},{"@type":"ImageObject","inLanguage":"es","@id":"https:\/\/viajados.net\/index.php\/programas\/#primaryimage","url":"https:\/\/viajados.net\/wp-content\/uploads\/2022\/03\/Mesa-de-trabajo-1_10-2048x500.jpg","contentUrl":"https:\/\/viajados.net\/wp-content\/uploads\/2022\/03\/Mesa-de-trabajo-1_10-2048x500.jpg"},{"@type":"BreadcrumbList","@id":"https:\/\/viajados.net\/index.php\/programas\/#breadcrumb","itemListElement":[{"@type":"ListItem","position":1,"name":"Portada","item":"https:\/\/viajados.net\/"},{"@type":"ListItem","position":2,"name":"Programas"}]},{"@type":"WebSite","@id":"https:\/\/viajados.net\/#website","url":"https:\/\/viajados.net\/","name":"Viajados","description":"Agencia de Viajes","publisher":{"@id":"https:\/\/viajados.net\/#organization"},"potentialAction":[{"@type":"SearchAction","target":{"@type":"EntryPoint","urlTemplate":"https:\/\/viajados.net\/?s={search_term_string}"},"query-input":"required name=search_term_string"}],"inLanguage":"es"},{"@type":"Organization","@id":"https:\/\/viajados.net\/#organization","name":"Viajados","url":"https:\/\/viajados.net\/","logo":{"@type":"ImageObject","inLanguage":"es","@id":"https:\/\/viajados.net\/#\/schema\/logo\/image\/","url":"https:\/\/viajados.net\/wp-content\/uploads\/2023\/08\/cropped-logo-tam.png","contentUrl":"https:\/\/viajados.net\/wp-content\/uploads\/2023\/08\/cropped-logo-tam.png","width":100,"height":100,"caption":"Viajados"},"image":{"@id":"https:\/\/viajados.net\/#\/schema\/logo\/image\/"}}]}},"_links":{"self":[{"href":"https:\/\/viajados.net\/index.php\/wp-json\/wp\/v2\/pages\/90"}],"collection":[{"href":"https:\/\/viajados.net\/index.php\/wp-json\/wp\/v2\/pages"}],"about":[{"href":"https:\/\/viajados.net\/index.php\/wp-json\/wp\/v2\/types\/page"}],"author":[{"embeddable":true,"href":"https:\/\/viajados.net\/index.php\/wp-json\/wp\/v2\/users\/1"}],"replies":[{"embeddable":true,"href":"https:\/\/viajados.net\/index.php\/wp-json\/wp\/v2\/comments?post=90"}],"version-history":[{"count":40,"href":"https:\/\/viajados.net\/index.php\/wp-json\/wp\/v2\/pages\/90\/revisions"}],"predecessor-version":[{"id":634,"href":"https:\/\/viajados.net\/index.php\/wp-json\/wp\/v2\/pages\/90\/revisions\/634"}],"wp:attachment":[{"href":"https:\/\/viajados.net\/index.php\/wp-json\/wp\/v2\/media?parent=90"}],"curies":[{"name":"wp","href":"https:\/\/api.w.org\/{rel}","templated":true}]}}